{"id":8,"date":"2017-12-08T03:36:23","date_gmt":"2017-12-08T02:36:23","guid":{"rendered":"http:\/\/cesargodefroy.com\/?page_id=8"},"modified":"2022-02-09T15:18:47","modified_gmt":"2022-02-09T14:18:47","slug":"about","status":"publish","type":"page","link":"https:\/\/cesargodefroy.com\/index.php\/about\/","title":{"rendered":"\u2600\ufe0e"},"content":{"rendered":"\n<div class=\"wp-block-columns alignwide is-layout-flex wp-container-core-columns-is-layout-9d6595d7 wp-block-columns-is-layout-flex\">\n<div class=\"wp-block-column is-vertically-aligned-top is-layout-flow wp-block-column-is-layout-flow\" style=\"flex-basis:33.33%\">\n<figure class=\"wp-block-image alignwide size-large\"><img loading=\"lazy\" decoding=\"async\" width=\"1000\" height=\"463\" src=\"https:\/\/cesargodefroy.com\/wp-content\/uploads\/2020\/04\/1.MEDIAS_LD_001.jpg\" alt=\"\" class=\"wp-image-5103\" srcset=\"https:\/\/cesargodefroy.com\/wp-content\/uploads\/2020\/04\/1.MEDIAS_LD_001.jpg 1000w, https:\/\/cesargodefroy.com\/wp-content\/uploads\/2020\/04\/1.MEDIAS_LD_001-800x370.jpg 800w, https:\/\/cesargodefroy.com\/wp-content\/uploads\/2020\/04\/1.MEDIAS_LD_001-768x356.jpg 768w, https:\/\/cesargodefroy.com\/wp-content\/uploads\/2020\/04\/1.MEDIAS_LD_001-560x259.jpg 560w\" sizes=\"auto, (max-width: 1000px) 100vw, 1000px\" \/><\/figure>\n<\/div>\n\n\n\n<div class=\"wp-block-column is-vertically-aligned-center is-layout-flow wp-block-column-is-layout-flow\" style=\"flex-basis:66.66%\">\n<p class=\"has-text-align-left has-small-font-size\"><strong>hello !<\/strong> <br><br>Ce site est un aper\u00e7u de mon travail d&rsquo;\u00e9clairagiste depuis 2012. <br><br>Ces instants fig\u00e9s sont fabriqu\u00e9s dans le temps et dans l&rsquo;espace avec des morceaux de lumi\u00e8re, des bouts mis bout \u00e0 bout, ordonn\u00e9s-vrill\u00e9s-cadr\u00e9s-r\u00e9v\u00e9l\u00e9s-cach\u00e9s-choisis&#8230; La photographie est \u00e9troitement li\u00e9e \u00e0 mon travail, dans le sens o\u00f9 elle partage ces bouts de lumi\u00e8re comme outils communs. Le bonheur au th\u00e9\u00e2tre est de pouvoir en jouer\u00a0: avec les minutes, avec les secondes, avec les corps, avec les mots, avec le public, avec le pr\u00e9sent, avec l&rsquo;obscurit\u00e9 myst\u00e9rieuse. <br><br>Ces photos sont autant la m\u00e9moire d&rsquo;un travail collectif que des archives personnelles : je me suis consacr\u00e9 r\u00e9cemment, autant \u00e0 l&rsquo;op\u00e9ra qu&rsquo;au th\u00e9\u00e2tre, aux derni\u00e8res cr\u00e9ations de Samuel Achache, d&rsquo;Arnaud Meunier, de Ma\u00eblle Poesy, de Guillaume Vincent, de Jeanne Candel, d&rsquo;Antonin Tri Hoang et de Nicolas Liautard.<br><br>Ce travail est le prolongement d&rsquo;un parcours d&rsquo;\u00e9coles, de stages et de rencontres. Avant de rejoindre l\u2019\u00e9cole du TNS \u00e0 Strasbourg, j&rsquo;\u00e9tudie deux ans \u00e0 l\u2019\u00e9cole Olivier de Serres \u00e0 Paris en architecture et sc\u00e9nographie puis m&rsquo;oriente vers un DTMS, une formation plus technique en construction et machinerie. C&rsquo;est l\u00e0 un point de d\u00e9part professionnel\u00a0: je suis parfois constructeur en atelier parfois technicien au plateau dans plusieurs th\u00e9\u00e2tres \u00e0 Paris. Mon travail en compagnie commence en 2009 en tant que r\u00e9gisseur plateau avec Hubert Colas puis avec Alain Fran\u00e7on. C&rsquo;est en 2012 que je r\u00e9alise les premi\u00e8res cr\u00e9ations lumi\u00e8re.<\/p>\n<\/div>\n<\/div>\n\n\n\n<div class=\"wp-block-group alignwide\"><div class=\"wp-block-group__inner-container is-layout-flow wp-block-group-is-layout-flow\">\n<p class=\"has-vivid-green-cyan-color has-text-color\" style=\"font-size:12px\">This site is an overview of my lighting design work since 2012.<br><br>These frozen moments are made in time and in space with pieces of light, ends put end to end, ordered-twisted-framed-revealed-hidden-chosen&#8230; The photography is closely linked to my work, in the sense that she shares these bits of light as common tools. Happiness in theater is being able to play it : with minutes, with seconds, with bodies, with words, with the audience, with the present, with the mysterious obscurity.<br><br>These photos are as much the memory of a collective work as personal archives : I worked, as much to opera as to theatre, to the latest creations of Samuel Achache, Arnaud Meunier, Ma\u00eblle Poesy, Guillaume Vincent, Jeanne Candel, Antonin Tri Hoang and Nicolas Liautard.<br><br>This work is the extension of a course of schools, internships and meetings. Before joining the TNS school in Strasbourg, I studied two years at the Olivier de Serres school in Paris in architecture and scenography then turned to a DTMS, a more technical training in construction and machinery. This is a professional starting point : I am sometimes a set builder, sometimes a stage technician in several theaters in Paris. My work in company began in 2009 as stage manager with Hubert Colas then with Alain Fran\u00e7on. It was in 2012 that I made the first light creations.<\/p>\n\n\n\n<p class=\"has-vivid-green-cyan-color has-text-color\" style=\"font-size:12px\"><br><\/p>\n\n\n\n<p class=\"has-vivid-green-cyan-color has-text-color\" style=\"font-size:12px\"><br><br><\/p>\n<\/div><\/div>\n\n\n\n<div class=\"wp-block-buttons is-content-justification-center is-layout-flex wp-container-core-buttons-is-layout-16018d1d wp-block-buttons-is-layout-flex\">\n<div class=\"wp-block-button\"><a class=\"wp-block-button__link has-very-dark-gray-color has-very-light-gray-background-color has-text-color has-background\" href=\"https:\/\/cesargodefroy.com\/\">HOME PAGE<\/a><\/div>\n\n\n\n<div class=\"wp-block-button is-style-fill\"><a class=\"wp-block-button__link has-very-dark-gray-color has-very-light-gray-background-color has-text-color has-background\" href=\"https:\/\/www.instagram.com\/cesar_godefroy\/\" target=\"_blank\" rel=\"noreferrer noopener\">INSTAGRAM<\/a><\/div>\n<\/div>\n\n\n\n<p><\/p>\n","protected":false},"excerpt":{"rendered":"<p>hello ! Ce site est un aper\u00e7u de mon travail d&rsquo;\u00e9clairagiste depuis 2012. Ces instants fig\u00e9s sont fabriqu\u00e9s dans le temps et dans l&rsquo;espace avec des morceaux de lumi\u00e8re, des bouts mis bout \u00e0 bout, ordonn\u00e9s-vrill\u00e9s-cadr\u00e9s-r\u00e9v\u00e9l\u00e9s-cach\u00e9s-choisis&#8230; La photographie est \u00e9troitement li\u00e9e \u00e0 mon travail, dans le sens o\u00f9 elle partage ces bouts de lumi\u00e8re comme &hellip; <\/p>\n<p class=\"link-more\"><a href=\"https:\/\/cesargodefroy.com\/index.php\/about\/\" class=\"more-link\">Continue reading<span class=\"screen-reader-text\"> \u00ab\u00a0\u2600\ufe0e\u00a0\u00bb<\/span><\/a><\/p>\n","protected":false},"author":1,"featured_media":0,"parent":0,"menu_order":0,"comment_status":"closed","ping_status":"closed","template":"templates\/wide-page-template.php","meta":{"footnotes":""},"class_list":["post-8","page","type-page","status-publish","hentry","no-thumbnail"],"yoast_head":"<!-- This site is optimized with the Yoast SEO plugin v27.6 - https:\/\/yoast.com\/product\/yoast-seo-wordpress\/ -->\n<title>ABOUT - C\u00e9sar GODEFROY - Lighting designer - Biographie<\/title>\n<meta name=\"description\" content=\"About me. Ce site est un aper\u00e7u de mon travail d\u2019\u00e9clairagiste. Ces photos servent ici autant de m\u00e9moire d\u2019un travail collectif que d\u2019archives personnelles\" \/>\n<meta name=\"robots\" content=\"index, follow, max-snippet:-1, max-image-preview:large, max-video-preview:-1\" \/>\n<link rel=\"canonical\" href=\"https:\/\/cesargodefroy.com\/index.php\/about\/\" \/>\n<meta property=\"og:locale\" content=\"fr_FR\" \/>\n<meta property=\"og:type\" content=\"article\" \/>\n<meta property=\"og:title\" content=\"ABOUT - C\u00e9sar GODEFROY - Lighting designer - Biographie\" \/>\n<meta property=\"og:description\" content=\"About me. Ce site est un aper\u00e7u de mon travail d\u2019\u00e9clairagiste. Ces photos servent ici autant de m\u00e9moire d\u2019un travail collectif que d\u2019archives personnelles\" \/>\n<meta property=\"og:url\" content=\"https:\/\/cesargodefroy.com\/index.php\/about\/\" \/>\n<meta property=\"og:site_name\" content=\"C\u00e9sar GODEFROY\" \/>\n<meta property=\"article:modified_time\" content=\"2022-02-09T14:18:47+00:00\" \/>\n<meta property=\"og:image\" content=\"http:\/\/cesargodefroy.com\/wp-content\/uploads\/2020\/04\/1.MEDIAS_LD_001.jpg\" \/>\n<meta name=\"twitter:card\" content=\"summary_large_image\" \/>\n<meta name=\"twitter:label1\" content=\"Dur\u00e9e de lecture estim\u00e9e\" \/>\n\t<meta name=\"twitter:data1\" content=\"3 minutes\" \/>\n<script type=\"application\/ld+json\" class=\"yoast-schema-graph\">{\"@context\":\"https:\\\/\\\/schema.org\",\"@graph\":[{\"@type\":\"WebPage\",\"@id\":\"https:\\\/\\\/cesargodefroy.com\\\/index.php\\\/about\\\/\",\"url\":\"https:\\\/\\\/cesargodefroy.com\\\/index.php\\\/about\\\/\",\"name\":\"ABOUT - C\u00e9sar GODEFROY - Lighting designer - Biographie\",\"isPartOf\":{\"@id\":\"https:\\\/\\\/cesargodefroy.com\\\/#website\"},\"primaryImageOfPage\":{\"@id\":\"https:\\\/\\\/cesargodefroy.com\\\/index.php\\\/about\\\/#primaryimage\"},\"image\":{\"@id\":\"https:\\\/\\\/cesargodefroy.com\\\/index.php\\\/about\\\/#primaryimage\"},\"thumbnailUrl\":\"http:\\\/\\\/cesargodefroy.com\\\/wp-content\\\/uploads\\\/2020\\\/04\\\/1.MEDIAS_LD_001.jpg\",\"datePublished\":\"2017-12-08T02:36:23+00:00\",\"dateModified\":\"2022-02-09T14:18:47+00:00\",\"description\":\"About me. Ce site est un aper\u00e7u de mon travail d\u2019\u00e9clairagiste. Ces photos servent ici autant de m\u00e9moire d\u2019un travail collectif que d\u2019archives personnelles\",\"breadcrumb\":{\"@id\":\"https:\\\/\\\/cesargodefroy.com\\\/index.php\\\/about\\\/#breadcrumb\"},\"inLanguage\":\"fr-FR\",\"potentialAction\":[{\"@type\":\"ReadAction\",\"target\":[\"https:\\\/\\\/cesargodefroy.com\\\/index.php\\\/about\\\/\"]}]},{\"@type\":\"ImageObject\",\"inLanguage\":\"fr-FR\",\"@id\":\"https:\\\/\\\/cesargodefroy.com\\\/index.php\\\/about\\\/#primaryimage\",\"url\":\"https:\\\/\\\/cesargodefroy.com\\\/wp-content\\\/uploads\\\/2020\\\/04\\\/1.MEDIAS_LD_001.jpg\",\"contentUrl\":\"https:\\\/\\\/cesargodefroy.com\\\/wp-content\\\/uploads\\\/2020\\\/04\\\/1.MEDIAS_LD_001.jpg\",\"width\":1000,\"height\":463,\"caption\":\"self portrait\"},{\"@type\":\"BreadcrumbList\",\"@id\":\"https:\\\/\\\/cesargodefroy.com\\\/index.php\\\/about\\\/#breadcrumb\",\"itemListElement\":[{\"@type\":\"ListItem\",\"position\":1,\"name\":\"Accueil\",\"item\":\"https:\\\/\\\/cesargodefroy.com\\\/\"},{\"@type\":\"ListItem\",\"position\":2,\"name\":\"\u2600\ufe0e\"}]},{\"@type\":\"WebSite\",\"@id\":\"https:\\\/\\\/cesargodefroy.com\\\/#website\",\"url\":\"https:\\\/\\\/cesargodefroy.com\\\/\",\"name\":\"C\u00e9sar GODEFROY\",\"description\":\"Lighting design \u2a53 Daily photos\",\"publisher\":{\"@id\":\"https:\\\/\\\/cesargodefroy.com\\\/#\\\/schema\\\/person\\\/5084ac59341466697d6a0964ff1769cb\"},\"potentialAction\":[{\"@type\":\"SearchAction\",\"target\":{\"@type\":\"EntryPoint\",\"urlTemplate\":\"https:\\\/\\\/cesargodefroy.com\\\/?s={search_term_string}\"},\"query-input\":{\"@type\":\"PropertyValueSpecification\",\"valueRequired\":true,\"valueName\":\"search_term_string\"}}],\"inLanguage\":\"fr-FR\"},{\"@type\":[\"Person\",\"Organization\"],\"@id\":\"https:\\\/\\\/cesargodefroy.com\\\/#\\\/schema\\\/person\\\/5084ac59341466697d6a0964ff1769cb\",\"name\":\"Cesar\",\"image\":{\"@type\":\"ImageObject\",\"inLanguage\":\"fr-FR\",\"@id\":\"https:\\\/\\\/secure.gravatar.com\\\/avatar\\\/b73d3140fec896b0e84474d29f47cb53dfe498b65a39fb015fde7a500b458c6b?s=96&d=mm&r=g\",\"url\":\"https:\\\/\\\/secure.gravatar.com\\\/avatar\\\/b73d3140fec896b0e84474d29f47cb53dfe498b65a39fb015fde7a500b458c6b?s=96&d=mm&r=g\",\"contentUrl\":\"https:\\\/\\\/secure.gravatar.com\\\/avatar\\\/b73d3140fec896b0e84474d29f47cb53dfe498b65a39fb015fde7a500b458c6b?s=96&d=mm&r=g\",\"caption\":\"Cesar\"},\"logo\":{\"@id\":\"https:\\\/\\\/secure.gravatar.com\\\/avatar\\\/b73d3140fec896b0e84474d29f47cb53dfe498b65a39fb015fde7a500b458c6b?s=96&d=mm&r=g\"},\"description\":\"Cesar Godefroy est \u00e9clairagiste pour le theatre la danse et l opera. Cesar Godefroy is a lighting designer for theater dance and opera.\",\"sameAs\":[\"http:\\\/\\\/wwww.cesargodefroy.com\",\"https:\\\/\\\/www.instagram.com\\\/cesar_godefroy\\\/\",\"https:\\\/\\\/www.pinterest.fr\\\/csar8627\\\/\"]}]}<\/script>\n<!-- \/ Yoast SEO plugin. -->","yoast_head_json":{"title":"ABOUT - C\u00e9sar GODEFROY - Lighting designer - Biographie","description":"About me. Ce site est un aper\u00e7u de mon travail d\u2019\u00e9clairagiste. Ces photos servent ici autant de m\u00e9moire d\u2019un travail collectif que d\u2019archives personnelles","robots":{"index":"index","follow":"follow","max-snippet":"max-snippet:-1","max-image-preview":"max-image-preview:large","max-video-preview":"max-video-preview:-1"},"canonical":"https:\/\/cesargodefroy.com\/index.php\/about\/","og_locale":"fr_FR","og_type":"article","og_title":"ABOUT - C\u00e9sar GODEFROY - Lighting designer - Biographie","og_description":"About me. Ce site est un aper\u00e7u de mon travail d\u2019\u00e9clairagiste. Ces photos servent ici autant de m\u00e9moire d\u2019un travail collectif que d\u2019archives personnelles","og_url":"https:\/\/cesargodefroy.com\/index.php\/about\/","og_site_name":"C\u00e9sar GODEFROY","article_modified_time":"2022-02-09T14:18:47+00:00","og_image":[{"url":"http:\/\/cesargodefroy.com\/wp-content\/uploads\/2020\/04\/1.MEDIAS_LD_001.jpg","type":"","width":"","height":""}],"twitter_card":"summary_large_image","twitter_misc":{"Dur\u00e9e de lecture estim\u00e9e":"3 minutes"},"schema":{"@context":"https:\/\/schema.org","@graph":[{"@type":"WebPage","@id":"https:\/\/cesargodefroy.com\/index.php\/about\/","url":"https:\/\/cesargodefroy.com\/index.php\/about\/","name":"ABOUT - C\u00e9sar GODEFROY - Lighting designer - Biographie","isPartOf":{"@id":"https:\/\/cesargodefroy.com\/#website"},"primaryImageOfPage":{"@id":"https:\/\/cesargodefroy.com\/index.php\/about\/#primaryimage"},"image":{"@id":"https:\/\/cesargodefroy.com\/index.php\/about\/#primaryimage"},"thumbnailUrl":"http:\/\/cesargodefroy.com\/wp-content\/uploads\/2020\/04\/1.MEDIAS_LD_001.jpg","datePublished":"2017-12-08T02:36:23+00:00","dateModified":"2022-02-09T14:18:47+00:00","description":"About me. Ce site est un aper\u00e7u de mon travail d\u2019\u00e9clairagiste. Ces photos servent ici autant de m\u00e9moire d\u2019un travail collectif que d\u2019archives personnelles","breadcrumb":{"@id":"https:\/\/cesargodefroy.com\/index.php\/about\/#breadcrumb"},"inLanguage":"fr-FR","potentialAction":[{"@type":"ReadAction","target":["https:\/\/cesargodefroy.com\/index.php\/about\/"]}]},{"@type":"ImageObject","inLanguage":"fr-FR","@id":"https:\/\/cesargodefroy.com\/index.php\/about\/#primaryimage","url":"https:\/\/cesargodefroy.com\/wp-content\/uploads\/2020\/04\/1.MEDIAS_LD_001.jpg","contentUrl":"https:\/\/cesargodefroy.com\/wp-content\/uploads\/2020\/04\/1.MEDIAS_LD_001.jpg","width":1000,"height":463,"caption":"self portrait"},{"@type":"BreadcrumbList","@id":"https:\/\/cesargodefroy.com\/index.php\/about\/#breadcrumb","itemListElement":[{"@type":"ListItem","position":1,"name":"Accueil","item":"https:\/\/cesargodefroy.com\/"},{"@type":"ListItem","position":2,"name":"\u2600\ufe0e"}]},{"@type":"WebSite","@id":"https:\/\/cesargodefroy.com\/#website","url":"https:\/\/cesargodefroy.com\/","name":"C\u00e9sar GODEFROY","description":"Lighting design \u2a53 Daily photos","publisher":{"@id":"https:\/\/cesargodefroy.com\/#\/schema\/person\/5084ac59341466697d6a0964ff1769cb"},"potentialAction":[{"@type":"SearchAction","target":{"@type":"EntryPoint","urlTemplate":"https:\/\/cesargodefroy.com\/?s={search_term_string}"},"query-input":{"@type":"PropertyValueSpecification","valueRequired":true,"valueName":"search_term_string"}}],"inLanguage":"fr-FR"},{"@type":["Person","Organization"],"@id":"https:\/\/cesargodefroy.com\/#\/schema\/person\/5084ac59341466697d6a0964ff1769cb","name":"Cesar","image":{"@type":"ImageObject","inLanguage":"fr-FR","@id":"https:\/\/secure.gravatar.com\/avatar\/b73d3140fec896b0e84474d29f47cb53dfe498b65a39fb015fde7a500b458c6b?s=96&d=mm&r=g","url":"https:\/\/secure.gravatar.com\/avatar\/b73d3140fec896b0e84474d29f47cb53dfe498b65a39fb015fde7a500b458c6b?s=96&d=mm&r=g","contentUrl":"https:\/\/secure.gravatar.com\/avatar\/b73d3140fec896b0e84474d29f47cb53dfe498b65a39fb015fde7a500b458c6b?s=96&d=mm&r=g","caption":"Cesar"},"logo":{"@id":"https:\/\/secure.gravatar.com\/avatar\/b73d3140fec896b0e84474d29f47cb53dfe498b65a39fb015fde7a500b458c6b?s=96&d=mm&r=g"},"description":"Cesar Godefroy est \u00e9clairagiste pour le theatre la danse et l opera. Cesar Godefroy is a lighting designer for theater dance and opera.","sameAs":["http:\/\/wwww.cesargodefroy.com","https:\/\/www.instagram.com\/cesar_godefroy\/","https:\/\/www.pinterest.fr\/csar8627\/"]}]}},"_links":{"self":[{"href":"https:\/\/cesargodefroy.com\/index.php\/wp-json\/wp\/v2\/pages\/8","targetHints":{"allow":["GET"]}}],"collection":[{"href":"https:\/\/cesargodefroy.com\/index.php\/wp-json\/wp\/v2\/pages"}],"about":[{"href":"https:\/\/cesargodefroy.com\/index.php\/wp-json\/wp\/v2\/types\/page"}],"author":[{"embeddable":true,"href":"https:\/\/cesargodefroy.com\/index.php\/wp-json\/wp\/v2\/users\/1"}],"replies":[{"embeddable":true,"href":"https:\/\/cesargodefroy.com\/index.php\/wp-json\/wp\/v2\/comments?post=8"}],"version-history":[{"count":121,"href":"https:\/\/cesargodefroy.com\/index.php\/wp-json\/wp\/v2\/pages\/8\/revisions"}],"predecessor-version":[{"id":5715,"href":"https:\/\/cesargodefroy.com\/index.php\/wp-json\/wp\/v2\/pages\/8\/revisions\/5715"}],"wp:attachment":[{"href":"https:\/\/cesargodefroy.com\/index.php\/wp-json\/wp\/v2\/media?parent=8"}],"curies":[{"name":"wp","href":"https:\/\/api.w.org\/{rel}","templated":true}]}}